{"id":486,"date":"2020-10-14T09:09:42","date_gmt":"2020-10-14T09:09:42","guid":{"rendered":"http:\/\/www.gs-vilhar-livno.com\/?page_id=486"},"modified":"2024-11-06T09:44:50","modified_gmt":"2024-11-06T09:44:50","slug":"skolski-odbor","status":"publish","type":"page","link":"https:\/\/www.gs-vilhar-livno.com\/?page_id=486","title":{"rendered":"\u0160kolski odbor"},"content":{"rendered":"<p><strong>\u010clanovi \u0161kolskog odbora<\/strong><\/p>\n<p>Marija Omeragi\u0107- predsjednik (ispred reda u\u010ditelja)<\/p>\n<p>Dora Doli\u0107 &#8211; potpredsjednik (ispred osniva\u010da)<\/p>\n<p>Ana Pelivan- \u010dlan (ispred osniva\u010da)<\/p>\n<p>Mario Perkovi\u0107- \u010dlan (ispred reda u\u010ditelja)<\/p>\n<p>Maja Petkovi\u0107- \u010dlan ( ispred vije\u0107a roditelja)<\/p>\n","protected":false},"excerpt":{"rendered":"\u010clanovi \u0161kolskog odbora Marija Omeragi\u0107- predsjednik (ispred reda u\u010ditelja) Dora Doli\u0107 &#8211; potpredsjednik (ispred osniva\u010da) Ana Pelivan- \u010dlan (ispred osniva\u010da) Mario Perkovi\u0107- \u010dlan \n<a class=\"moretag\" href=\"https:\/\/www.gs-vilhar-livno.com\/?page_id=486\"> [...]<\/a>","protected":false},"author":1,"featured_media":0,"parent":0,"menu_order":0,"comment_status":"closed","ping_status":"closed","template":"","meta":{"footnotes":""},"class_list":["post-486","page","type-page","status-publish","hentry"],"_links":{"self":[{"href":"https:\/\/www.gs-vilhar-livno.com\/index.php?rest_route=\/wp\/v2\/pages\/486","targetHints":{"allow":["GET"]}}],"collection":[{"href":"https:\/\/www.gs-vilhar-livno.com\/index.php?rest_route=\/wp\/v2\/pages"}],"about":[{"href":"https:\/\/www.gs-vilhar-livno.com\/index.php?rest_route=\/wp\/v2\/types\/page"}],"author":[{"embeddable":true,"href":"https:\/\/www.gs-vilhar-livno.com\/index.php?rest_route=\/wp\/v2\/users\/1"}],"replies":[{"embeddable":true,"href":"https:\/\/www.gs-vilhar-livno.com\/index.php?rest_route=%2Fwp%2Fv2%2Fcomments&post=486"}],"version-history":[{"count":2,"href":"https:\/\/www.gs-vilhar-livno.com\/index.php?rest_route=\/wp\/v2\/pages\/486\/revisions"}],"predecessor-version":[{"id":1896,"href":"https:\/\/www.gs-vilhar-livno.com\/index.php?rest_route=\/wp\/v2\/pages\/486\/revisions\/1896"}],"wp:attachment":[{"href":"https:\/\/www.gs-vilhar-livno.com\/index.php?rest_route=%2Fwp%2Fv2%2Fmedia&parent=486"}],"curies":[{"name":"wp","href":"https:\/\/api.w.org\/{rel}","templated":true}]}}