{"id":13,"date":"2013-02-02T22:42:30","date_gmt":"2013-02-02T22:42:30","guid":{"rendered":"http:\/\/www.gs-vilhar-livno.com\/?page_id=13"},"modified":"2026-02-10T12:42:27","modified_gmt":"2026-02-10T12:42:27","slug":"nastavnici","status":"publish","type":"page","link":"https:\/\/www.gs-vilhar-livno.com\/?page_id=13","title":{"rendered":"Nastavnici"},"content":{"rendered":"<p><strong>Glasovir:<\/strong><br \/>\nNikolina \u010cori\u0107<br \/>\nBerima Cero<\/p>\n<p><strong>Harmonika:<\/strong><br \/>\nMladen Jelovi\u0107<br \/>\nMario Perkovi\u0107<\/p>\n<p><strong>Gitara:<\/strong><br \/>\nIvan \u0160u\u0161njar<br \/>\nKatarina \u010colak<\/p>\n<p><strong>Klarinet:<\/strong><br \/>\nMartina \u010cato<br \/>\nRafael Andabak<\/p>\n<p><strong>VIolina:<br \/>\n<\/strong>Ajla Ahmetovi\u0107<\/p>\n<p><strong>Truba:<br \/>\n<\/strong>Benjamin Drijen\u010di\u0107<\/p>\n<p><strong>Solfeggio:<\/strong><br \/>\nRu\u017eica \u0160agolj<\/p>\n<p><strong>Flauta:<\/strong><br \/>\nMarija Omeragi\u0107<br \/>\nNarcis Ze\u010di\u0107<\/p>\n<p><strong>Skupno muziciranje- zbor<\/strong><br \/>\nKatarina D\u017eeko<\/p>\n<p><strong>Orkestar harmonika<\/strong><br \/>\nMladen Jelovi\u0107<\/p>\n<p><strong>Orkestar gitara<br \/>\n<\/strong>Katarina \u010colak<\/p>\n<p><strong>Podvorkinja :<br \/>\n<\/strong>Sarafinka Bari\u0161i\u0107<\/p>\n<p><strong>Ra\u010dunovodstvo<\/strong><br \/>\nDanijela \u0110api\u0107<\/p>\n<p><strong>Ravnatelj \u0161kole<\/strong><br \/>\nMladen Jelovi\u0107<\/p>\n","protected":false},"excerpt":{"rendered":"Glasovir: Nikolina \u010cori\u0107 Berima Cero Harmonika: Mladen Jelovi\u0107 Mario Perkovi\u0107 Gitara: Ivan \u0160u\u0161njar Katarina \u010colak Klarinet: Martina \u010cato Rafael Andabak VIolina: Ajla Ahmetovi\u0107 \n<a class=\"moretag\" href=\"https:\/\/www.gs-vilhar-livno.com\/?page_id=13\"> [...]<\/a>","protected":false},"author":1,"featured_media":0,"parent":0,"menu_order":0,"comment_status":"open","ping_status":"open","template":"","meta":{"footnotes":""},"class_list":["post-13","page","type-page","status-publish","hentry"],"_links":{"self":[{"href":"https:\/\/www.gs-vilhar-livno.com\/index.php?rest_route=\/wp\/v2\/pages\/13","targetHints":{"allow":["GET"]}}],"collection":[{"href":"https:\/\/www.gs-vilhar-livno.com\/index.php?rest_route=\/wp\/v2\/pages"}],"about":[{"href":"https:\/\/www.gs-vilhar-livno.com\/index.php?rest_route=\/wp\/v2\/types\/page"}],"author":[{"embeddable":true,"href":"https:\/\/www.gs-vilhar-livno.com\/index.php?rest_route=\/wp\/v2\/users\/1"}],"replies":[{"embeddable":true,"href":"https:\/\/www.gs-vilhar-livno.com\/index.php?rest_route=%2Fwp%2Fv2%2Fcomments&post=13"}],"version-history":[{"count":14,"href":"https:\/\/www.gs-vilhar-livno.com\/index.php?rest_route=\/wp\/v2\/pages\/13\/revisions"}],"predecessor-version":[{"id":1992,"href":"https:\/\/www.gs-vilhar-livno.com\/index.php?rest_route=\/wp\/v2\/pages\/13\/revisions\/1992"}],"wp:attachment":[{"href":"https:\/\/www.gs-vilhar-livno.com\/index.php?rest_route=%2Fwp%2Fv2%2Fmedia&parent=13"}],"curies":[{"name":"wp","href":"https:\/\/api.w.org\/{rel}","templated":true}]}}