{"id":11,"date":"2013-02-02T22:41:44","date_gmt":"2013-02-02T22:41:44","guid":{"rendered":"http:\/\/www.gs-vilhar-livno.com\/?page_id=11"},"modified":"2024-11-06T10:11:23","modified_gmt":"2024-11-06T10:11:23","slug":"povijest-skole","status":"publish","type":"page","link":"https:\/\/www.gs-vilhar-livno.com\/?page_id=11","title":{"rendered":"Povijest \u0161kole"},"content":{"rendered":"<p>Osnovna glazbena \u0161kola \u201eFranjo S.Vilhar\u201c osnovana je, odlukom Skup\u0161tine op\u0107ine Livno 28.prosinca 1985god. i od tog datuma pa do danas djeluje uspje\u0161no, na radost i grada, op\u0107ine i Hercegbosanske \u017eupanije.<\/p>\n<p>Od osnutka Osnovne glazbene \u0161kole, pa sve do ratnih devedesetih godina, \u0161kolu je poha\u0111alo u prosjeku 150 u\u010denika. Broj uposlenih djelatnika, \u0161to na glazbenim odjelima, \u0161to na uredskim poslovima i ostalo bio je 14.Rat je na neki na\u010din prepolovio i broj u\u010denika ali i djelatnika \u0160kole. Broj u\u010denika tijekom 1992-95.god. nije prelazio brojku 100,a broj djelatnika u jednom trenutku je spao na 8 da bi 1996.god pa na ovamo se zaustavio na brojci 12. \u0160kola je od 1987 godine smje\u0161tena u zgradi biv\u0161eg \u0111a\u0107kog doma. 2012 godine postavljen je kamen temeljac za izgradnju nove zgrade za glazbenu \u0161kolu. 10 studenog 2020 godine gradona\u010delnik grada Livna gosp. Luka \u010celan\u00a0 sve\u010dano otvara novu zgradu.<\/p>\n<p>Na \u010delu na\u0161e \u0161kole promijenila su se \u010detiri ravnatelja.1985god. na mjesto ravnateljice izabrana je g\u0111a Zorica La\u0161tro, koja je funkciju obna\u0161ala do 1989 god.U periodu od 1989-92.god.na \u010delu \u0161kole bila je g\u0111a Draginja Rakovi\u0107.<\/p>\n<p>Od 1992-2007.god. do svoga umirovljenja, \u0161kolu je vrlo uspje\u0161no vodio gosp. Berislav D\u017eaja.<\/p>\n<p>Od 2007. \u00a0do 2012. godine ravnatelj \u0161kole je bila prof. Ru\u017eica \u0160agolj.<\/p>\n<p>Od 2012 do danas ravnatelj \u0161kole je prof. Mladen Jelovi\u0107<\/p>\n<p>\u0160kola danas broji 160 u\u010denika na 8\u00a0 odjela:<br \/>\nglasovir, flauta, gitara, harmonika, klarinet, saksofon, violina i\u00a0 truba.<\/p>\n<p>[nggallery id=7]<\/p>\n","protected":false},"excerpt":{"rendered":"Osnovna glazbena \u0161kola \u201eFranjo S.Vilhar\u201c osnovana je, odlukom Skup\u0161tine op\u0107ine Livno 28.prosinca 1985god. i od tog datuma pa do danas djeluje uspje\u0161no, na \n<a class=\"moretag\" href=\"https:\/\/www.gs-vilhar-livno.com\/?page_id=11\"> [...]<\/a>","protected":false},"author":1,"featured_media":0,"parent":0,"menu_order":0,"comment_status":"open","ping_status":"open","template":"","meta":{"footnotes":""},"class_list":["post-11","page","type-page","status-publish","hentry"],"_links":{"self":[{"href":"https:\/\/www.gs-vilhar-livno.com\/index.php?rest_route=\/wp\/v2\/pages\/11","targetHints":{"allow":["GET"]}}],"collection":[{"href":"https:\/\/www.gs-vilhar-livno.com\/index.php?rest_route=\/wp\/v2\/pages"}],"about":[{"href":"https:\/\/www.gs-vilhar-livno.com\/index.php?rest_route=\/wp\/v2\/types\/page"}],"author":[{"embeddable":true,"href":"https:\/\/www.gs-vilhar-livno.com\/index.php?rest_route=\/wp\/v2\/users\/1"}],"replies":[{"embeddable":true,"href":"https:\/\/www.gs-vilhar-livno.com\/index.php?rest_route=%2Fwp%2Fv2%2Fcomments&post=11"}],"version-history":[{"count":11,"href":"https:\/\/www.gs-vilhar-livno.com\/index.php?rest_route=\/wp\/v2\/pages\/11\/revisions"}],"predecessor-version":[{"id":1899,"href":"https:\/\/www.gs-vilhar-livno.com\/index.php?rest_route=\/wp\/v2\/pages\/11\/revisions\/1899"}],"wp:attachment":[{"href":"https:\/\/www.gs-vilhar-livno.com\/index.php?rest_route=%2Fwp%2Fv2%2Fmedia&parent=11"}],"curies":[{"name":"wp","href":"https:\/\/api.w.org\/{rel}","templated":true}]}}